{"id":236,"date":"2016-02-17T14:06:55","date_gmt":"2016-02-17T18:06:55","guid":{"rendered":"http:\/\/delegsol.gob.ec\/azuay\/?page_id=236"},"modified":"2017-06-28T09:35:09","modified_gmt":"2017-06-28T13:35:09","slug":"rendicion-de-cuentas-2016","status":"publish","type":"page","link":"https:\/\/delegsol.gob.ec\/azuay\/rendicion-de-cuentas-2016\/","title":{"rendered":"Rendici\u00f3n de Cuentas 2016"},"content":{"rendered":"<h1 style=\"text-align: center;\">RENDICI\u00d3N DE CUENTAS PERIODO ENERO A DICIEMBRE DEL 2016<\/h1>\n<p><strong><em><u>PREGUNTAS CONTESTADAS.<\/u><\/em><\/strong><\/p>\n<p>&nbsp;<\/p>\n<p><strong>\u00a0<\/strong><\/p>\n<p><strong>\u00a0<\/strong><\/p>\n<ul>\n<li><strong>Asociaci\u00f3n de Toquilleras la Merced (Digna Salinas), ECONOMICO PRODUCTIVO: \u00bfPor qu\u00e9 no fue ejecutado el proyecto presentado por la asociaci\u00f3n de Toquilleras la Merced? ASENTAMIENTOS HUMANOS: 1.- \u00bfPor qu\u00e9 no se ha considerado prioridad el arreglo de la cancha de Chocar? 2.- \u00bfPor qu\u00e9 no se ha considerado la construcci\u00f3n de bater\u00edas sanitarias en Chocar?, MOVILIDAD, ENERGIA Y CONECTIVIDAD: 1.- \u00bfPor qu\u00e9 no se ha enanchado la v\u00eda Delegsol \u2013 Centro de Chocar?<\/strong><\/li>\n<\/ul>\n<p>&nbsp;<\/p>\n<ul>\n<li>El proyecto no fue ejecutado en el a\u00f1o 2016, ya que fue presentado despu\u00e9s de ser realizado la asamblea para la priorizaci\u00f3n de obras en el a\u00f1o 2016.<\/li>\n<\/ul>\n<p>&nbsp;<\/p>\n<ul>\n<li>No se consider\u00f3 como prioritario el arreglo de la cancha, porque se cre\u00eda que las aguas servidas eran las causantes de los da\u00f1os a la cancha, por lo tanto se priorizo la ejecuci\u00f3n del alcantarillado, as\u00ed tambi\u00e9n se entreg\u00f3 los informes necesarios a las instituciones como: Gesti\u00f3n de Riesgos, GAD Municipal y GAD Provincial para que se intervenga al respecto, sin embargo no se ha recibido ninguna respuesta favorable por las tres entidades.<\/li>\n<\/ul>\n<p>&nbsp;<\/p>\n<ul>\n<li>Se realiz\u00f3 la inversi\u00f3n pero en convenio con los padres de familia de la escuela 11 de enero, por lo que ahora han defino como una obra de uso solamente para los alumnos de la escuela.<\/li>\n<\/ul>\n<p>&nbsp;<\/p>\n<ul>\n<li>No se ha realizado el ensanchamiento porque no ha existido la predisposici\u00f3n de los due\u00f1os de los terrenos.<\/li>\n<\/ul>\n<p>&nbsp;<\/p>\n<p><strong>\u00a0<\/strong><\/p>\n<ul>\n<li><strong>Barri\u00f3 la Dolorosa (Ramiro Samaniego), ASENTAMIENTOS HUMANOS: 1.- \u00bfPor qu\u00e9 no se ha ejecutado el proyecto del alcantarillado en el Barrio la Dolorosa, Loma de la Esperanza y Punhuayco? 2.- \u00bfPor qu\u00e9 no se ha considerado la construcci\u00f3n de bloques de b\u00f3vedas y nichos en el Cementerio?, MOVILIDAD, ENERGIA Y CONECTIVIDAD: 1.- \u00bfPor qu\u00e9 no se ha concluido con la apertura de la v\u00eda la dolorosa?<\/strong><\/li>\n<\/ul>\n<p>&nbsp;<\/p>\n<ul>\n<li>No s\u00e9 a ejecutado, debido a que se realiz\u00f3 en una primera etapa la comunidad de Chocar, ya que no se contaba con el presupuesto suficiente para ejecutar la obra en su totalidad, por lo tanto se pretende realizar la ejecuci\u00f3n de la obra en este a\u00f1o.<\/li>\n<li>Debido a que no se contaba con un estudio ni con la delegaci\u00f3n de competencia por parte del municipio, por lo tanto en este a\u00f1o se pretende realizar la construcci\u00f3n de las b\u00f3vedas ya que si existe partida para los materiales de construcci\u00f3n.<\/li>\n<\/ul>\n<p>&nbsp;<\/p>\n<ul>\n<li>No se concluy\u00f3 debido a la falta de colaboraci\u00f3n de los due\u00f1os de los terrenos para la apertura de la v\u00eda.<\/li>\n<\/ul>\n<p>&nbsp;<\/p>\n<p><strong>\u00a0<\/strong><\/p>\n<ul>\n<li><strong>Barrio Centro (Blanca Luna), BIOFISICO: 1.- \u00bfPor qu\u00e9 no se ha continuado con la reforestaci\u00f3n dentro de la Parroquia?, SOCIO CULTURAL: 1.- \u00bfPor qu\u00e9 no se ha continuado entregando las raciones alimenticias al sector Vulnerable?, MOVILIDAD, ENERGIA Y CONECTIVIDAD: 1.- \u00bfPor qu\u00e9 no existe se\u00f1alizaci\u00f3n e identificaci\u00f3n de las v\u00edas?.<\/strong><\/li>\n<\/ul>\n<p>&nbsp;<\/p>\n<p>&nbsp;<\/p>\n<ul>\n<li>Por qu\u00e9 el MAE no cumpli\u00f3 con lo acordado en el convenio, como es el aporte econ\u00f3mico para la ejecuci\u00f3n del proyecto.<\/li>\n<\/ul>\n<p>&nbsp;<\/p>\n<ul>\n<li>Debido a que en la actualidad el dinero se invierte en espacios alternativos para personas con discapacidad, adultos mayores y adolescentes, siendo este un espacio de recreaci\u00f3n y prendimiento.<\/li>\n<\/ul>\n<p>&nbsp;<\/p>\n<ul>\n<li>Debido a que el municipio no nos ha entregado los letreros con las respectivas se\u00f1al\u00e9ticas tal como ha ofrecido.<\/li>\n<\/ul>\n<p>&nbsp;<\/p>\n<p><strong>\u00a0<\/strong><\/p>\n<ul>\n<li><strong>Abonos Org\u00e1nicos (Wilson Castro), ECONOMICO PRODUCTIVO: 1.- \u00bfPor qu\u00e9 no se dio continuidad al proyecto de la elaboraci\u00f3n de abonos Org\u00e1nicos?, ASENTAMIETNOS HUMANOS: 1.- \u00bfPor qu\u00e9 no se concluy\u00f3 con la construcci\u00f3n de la casa Parroquial?, 2.- \u00bfPor qu\u00e9 no se ha mejorado el aspecto f\u00edsico del centro Parroquial (veredas)?<\/strong><\/li>\n<\/ul>\n<p>&nbsp;<\/p>\n<ul>\n<li>Por qu\u00e9 los grupos quienes elaboraban abonos se separaron y no pod\u00edan trabajar en conjunto, por lo tanto en la actualidad si existe partida presupuestaria para el apoyo a la producci\u00f3n siempre y cuando exista el compromiso de las partes involucradas.<\/li>\n<\/ul>\n<p>&nbsp;<\/p>\n<ul>\n<li>No se concluy\u00f3 con la construcci\u00f3n, ya que el GAD Parroquial contaba con los recursos de las cuentas por cobrar para esta obra tal es el caso de la devoluci\u00f3n del IVA, MAE y el pr\u00e9stamo por parte del BDE, una vez realizada la contrataci\u00f3n no se contaba con el dinero suficiente porque no realizaron el deposito a tiempo, por lo tanto se procedi\u00f3 a terminar por mutuo acuerdo el contrato, es por esta raz\u00f3n que durante este a\u00f1o se pretende solicitar un cr\u00e9dito al BDE para la culminaci\u00f3n de la obra.<\/li>\n<\/ul>\n<p>&nbsp;<\/p>\n<ul>\n<li>Las veredas no se han construido debido a la falta de estudios, por lo tanto este a\u00f1o se pretende realizar los estudios y proceder a realizar la compra de los materiales de construcci\u00f3n para que mediante convenio con los frentistas se proceda a construir de forma directa, ya que si existe la partida presupuestaria.<\/li>\n<\/ul>\n<p>&nbsp;<\/p>\n<p><strong>\u00a0<\/strong><\/p>\n<ul>\n<li><strong>Barri\u00f3 Siuquin (Gonzalo Cabrera), ASENTAMIENTOS HUMANOS: 1.- \u00bfPor qu\u00e9 no se ha gestionado las redes de Agua Potable para Siuquin?, 2.- \u00bfPor qu\u00e9 no se ha considerado la construcci\u00f3n de la cancha de Siuquin, pese a que existe el terreno?<\/strong><\/li>\n<\/ul>\n<p>&nbsp;<\/p>\n<ul>\n<li>Porque cuentan con agua entubada la cual abastece a todo el sector es por ello que no han visto la necesidad de acudir a los diferentes entes de gobierno para solicitar la extensi\u00f3n de las redes de agua potable.<\/li>\n<\/ul>\n<p>&nbsp;<\/p>\n<ul>\n<li>Debido a que existe un convenio firmado con la prefectura del Azuay en la cual se comprometen en realizar la construcci\u00f3n de la cancha, por lo tanto no se ha presupuestado ya que existe un convenio firmado.<\/li>\n<\/ul>\n<p><strong>\u00a0<\/strong><\/p>\n<ul>\n<li><strong>Barri\u00f3 Punhuayco (Segundo Castro), ECONOMICO PRODUCTIVO: 1.- \u00bfPor qu\u00e9 no fueron tratados los \u00e1rboles frutales como en los a\u00f1os anteriores?<\/strong><\/li>\n<\/ul>\n<p><strong>\u00a0<\/strong><\/p>\n<ul>\n<li>Debido al recorte presupuestario que sufrieron los GADs en las fechas en las cueles se deb\u00edan realizar dicha actividad.<\/li>\n<\/ul>\n<p>&nbsp;<\/p>\n<p>&nbsp;<\/p>\n<p><a href=\"http:\/\/delegsol.gob.ec\/azuay\/?attachment_id=337\" rel=\"attachment wp-att-337\">Acta equipo mixto077<\/a><\/p>\n<p><a href=\"http:\/\/delegsol.gob.ec\/azuay\/?attachment_id=338\" rel=\"attachment wp-att-338\">contestacion de preguntas079<\/a><\/p>\n<p><a href=\"http:\/\/delegsol.gob.ec\/azuay\/?attachment_id=339\" rel=\"attachment wp-att-339\">convocatoria081<\/a><\/p>\n<p><a href=\"http:\/\/delegsol.gob.ec\/azuay\/?attachment_id=340\" rel=\"attachment wp-att-340\">oficio AL invitando <\/a><\/p>\n<p><a href=\"http:\/\/delegsol.gob.ec\/azuay\/?attachment_id=340\" rel=\"attachment wp-att-340\">reunion barrios080<\/a><\/p>\n<p><a href=\"http:\/\/delegsol.gob.ec\/azuay\/?attachment_id=341\" rel=\"attachment wp-att-341\">oficio haciendo llegar las preguntas083<\/a><\/p>\n<p><a href=\"http:\/\/delegsol.gob.ec\/azuay\/?attachment_id=342\" rel=\"attachment wp-att-342\">ofioc haceindo llegar formularios078<\/a><\/p>\n<p><a href=\"http:\/\/delegsol.gob.ec\/azuay\/?attachment_id=343\" rel=\"attachment wp-att-343\">preguntas082<\/a><\/p>\n<p><a href=\"http:\/\/delegsol.gob.ec\/azuay\/?attachment_id=344\" rel=\"attachment wp-att-344\">recibido de oficio para rendicion de cuentas085<\/a><\/p>\n<p><a href=\"http:\/\/delegsol.gob.ec\/azuay\/?attachment_id=345\" rel=\"attachment wp-att-345\">recibido para la sistematizacion 086<\/a><\/p>\n<p><a href=\"http:\/\/delegsol.gob.ec\/azuay\/?attachment_id=346\" rel=\"attachment wp-att-346\">recibido para la sistematizacion 087<\/a><\/p>\n<p><a href=\"http:\/\/delegsol.gob.ec\/azuay\/?attachment_id=350\" rel=\"attachment wp-att-350\">Formulario Compromisos092<\/a><\/p>\n<p><a href=\"http:\/\/delegsol.gob.ec\/azuay\/?attachment_id=351\" rel=\"attachment wp-att-351\">Acciones a Seguir093<\/a><\/p>\n<p><a href=\"http:\/\/delegsol.gob.ec\/azuay\/?attachment_id=353\" rel=\"attachment wp-att-353\">Crystal Reports ActiveX Designer &#8211; CedulaIngresos2011.rpt<\/a><\/p>\n<p><a href=\"http:\/\/delegsol.gob.ec\/azuay\/?attachment_id=354\" rel=\"attachment wp-att-354\">Crystal Reports ActiveX Designer &#8211; CedulaGastos2011.rpt<\/a><\/p>\n<p><a href=\"http:\/\/delegsol.gob.ec\/azuay\/?attachment_id=356\" rel=\"attachment wp-att-356\">ACTA-RENDICION-DE-CUENTAS-DELEGSOL-2016<\/a><\/p>\n<p><a href=\"http:\/\/delegsol.gob.ec\/azuay\/?attachment_id=357\" rel=\"attachment wp-att-357\">Datos de contacto097<\/a><\/p>\n<p><a href=\"http:\/\/delegsol.gob.ec\/azuay\/?attachment_id=360\" rel=\"attachment wp-att-360\">MEMOR\u00c1NDUM APROBACION RENDICION DE CUENTAS.<\/a><\/p>\n<p><a href=\"http:\/\/delegsol.gob.ec\/azuay\/?attachment_id=362\" rel=\"attachment wp-att-362\">control de asistencia098<\/a><\/p>\n","protected":false},"excerpt":{"rendered":"<p>RENDICI\u00d3N DE CUENTAS PERIODO ENERO A DICIEMBRE DEL 2016 PREGUNTAS CONTESTADAS. &nbsp; \u00a0 \u00a0 Asociaci\u00f3n de Toquilleras la Merced (Digna Salinas), ECONOMICO PRODUCTIVO: \u00bfPor qu\u00e9 no fue ejecutado el proyecto presentado por la asociaci\u00f3n de Toquilleras la Merced? ASENTAMIENTOS HUMANOS: 1.- \u00bfPor qu\u00e9 no se ha considerado prioridad el arreglo de la cancha de Chocar? [&hellip;]<\/p>\n","protected":false},"author":8,"featured_media":0,"parent":0,"menu_order":0,"comment_status":"closed","ping_status":"closed","template":"","meta":{"footnotes":""},"yst_prominent_words":[],"class_list":["post-236","page","type-page","status-publish","hentry"],"_links":{"self":[{"href":"https:\/\/delegsol.gob.ec\/azuay\/wp-json\/wp\/v2\/pages\/236","targetHints":{"allow":["GET"]}}],"collection":[{"href":"https:\/\/delegsol.gob.ec\/azuay\/wp-json\/wp\/v2\/pages"}],"about":[{"href":"https:\/\/delegsol.gob.ec\/azuay\/wp-json\/wp\/v2\/types\/page"}],"author":[{"embeddable":true,"href":"https:\/\/delegsol.gob.ec\/azuay\/wp-json\/wp\/v2\/users\/8"}],"replies":[{"embeddable":true,"href":"https:\/\/delegsol.gob.ec\/azuay\/wp-json\/wp\/v2\/comments?post=236"}],"version-history":[{"count":8,"href":"https:\/\/delegsol.gob.ec\/azuay\/wp-json\/wp\/v2\/pages\/236\/revisions"}],"predecessor-version":[{"id":363,"href":"https:\/\/delegsol.gob.ec\/azuay\/wp-json\/wp\/v2\/pages\/236\/revisions\/363"}],"wp:attachment":[{"href":"https:\/\/delegsol.gob.ec\/azuay\/wp-json\/wp\/v2\/media?parent=236"}],"wp:term":[{"taxonomy":"yst_prominent_words","embeddable":true,"href":"https:\/\/delegsol.gob.ec\/azuay\/wp-json\/wp\/v2\/yst_prominent_words?post=236"}],"curies":[{"name":"wp","href":"https:\/\/api.w.org\/{rel}","templated":true}]}}