{"id":294,"date":"2017-01-30T20:39:57","date_gmt":"2017-01-31T00:39:57","guid":{"rendered":"http:\/\/delegsol.gob.ec\/azuay\/?page_id=294"},"modified":"2018-04-27T11:19:06","modified_gmt":"2018-04-27T15:19:06","slug":"rendicion-de-cuentas-2017","status":"publish","type":"page","link":"https:\/\/delegsol.gob.ec\/azuay\/rendicion-de-cuentas-2017\/","title":{"rendered":"Rendici\u00f3n de Cuentas 2017"},"content":{"rendered":"<p>RENDICI\u00d3N DEL CUENTAS DEL PERIODO ENERO DICIEMBRE DEL 2017, SE ADJUNTA LOS DOCUMENTOS QUE RESPALDAN LA RENDICI\u00d3N DE CUENTAS.<\/p>\n<p><a href=\"http:\/\/delegsol.gob.ec\/azuay\/?attachment_id=475\" rel=\"attachment wp-att-475\">registro de personas invitadas para las preguntas220<\/a><\/p>\n<p><a href=\"http:\/\/delegsol.gob.ec\/azuay\/?attachment_id=474\" rel=\"attachment wp-att-474\">registro de asistencia rendicion de cuentas219<\/a><\/p>\n<p><a href=\"http:\/\/delegsol.gob.ec\/azuay\/?attachment_id=473\" rel=\"attachment wp-att-473\">oficio y preguntas de la ciudadania218<\/a><\/p>\n<p><a href=\"http:\/\/delegsol.gob.ec\/azuay\/?attachment_id=472\" rel=\"attachment wp-att-472\">Oficio recibido con documentos Ermel215<\/a><\/p>\n<p><a href=\"http:\/\/delegsol.gob.ec\/azuay\/?attachment_id=471\" rel=\"attachment wp-att-471\">oficio contestacion de preguntas223<\/a><\/p>\n<p><a href=\"http:\/\/delegsol.gob.ec\/azuay\/?attachment_id=470\" rel=\"attachment wp-att-470\">Mapeo de Actores221<\/a><\/p>\n<p><a href=\"http:\/\/delegsol.gob.ec\/azuay\/?attachment_id=469\" rel=\"attachment wp-att-469\">invitacion rendicion de cuentas222<\/a><\/p>\n<p><a href=\"http:\/\/delegsol.gob.ec\/azuay\/?attachment_id=468\" rel=\"attachment wp-att-468\">invitacion barrios para preguntas217<\/a><\/p>\n<p><a href=\"http:\/\/delegsol.gob.ec\/azuay\/?attachment_id=467\" rel=\"attachment wp-att-467\">formulario compromisos227<\/a><\/p>\n<p><a href=\"http:\/\/delegsol.gob.ec\/azuay\/?attachment_id=466\" rel=\"attachment wp-att-466\">Convocatoria equipo tecnico mixto 216<\/a><\/p>\n<p><a href=\"http:\/\/delegsol.gob.ec\/azuay\/?attachment_id=465\" rel=\"attachment wp-att-465\">acta equipo tecnico mixto226<\/a><\/p>\n<p><a href=\"http:\/\/delegsol.gob.ec\/azuay\/?attachment_id=464\" rel=\"attachment wp-att-464\">RENDICION DE CUENTAS 2017<\/a><\/p>\n<p><a href=\"http:\/\/delegsol.gob.ec\/azuay\/?attachment_id=477\" rel=\"attachment wp-att-477\">formulario compromisos227<\/a><\/p>\n<p><a href=\"http:\/\/delegsol.gob.ec\/azuay\/?attachment_id=479\" rel=\"attachment wp-att-479\">Actas rendicion de cuentas234<\/a><\/p>\n","protected":false},"excerpt":{"rendered":"<p>RENDICI\u00d3N DEL CUENTAS DEL PERIODO ENERO DICIEMBRE DEL 2017, SE ADJUNTA LOS DOCUMENTOS QUE RESPALDAN LA RENDICI\u00d3N DE CUENTAS. registro de personas invitadas para las preguntas220 registro de asistencia rendicion de cuentas219 oficio y preguntas de la ciudadania218 Oficio recibido con documentos Ermel215 oficio contestacion de preguntas223 Mapeo de Actores221 invitacion rendicion de cuentas222 invitacion [&hellip;]<\/p>\n","protected":false},"author":8,"featured_media":0,"parent":0,"menu_order":0,"comment_status":"closed","ping_status":"closed","template":"","meta":{"footnotes":""},"yst_prominent_words":[],"class_list":["post-294","page","type-page","status-publish","hentry"],"_links":{"self":[{"href":"https:\/\/delegsol.gob.ec\/azuay\/wp-json\/wp\/v2\/pages\/294","targetHints":{"allow":["GET"]}}],"collection":[{"href":"https:\/\/delegsol.gob.ec\/azuay\/wp-json\/wp\/v2\/pages"}],"about":[{"href":"https:\/\/delegsol.gob.ec\/azuay\/wp-json\/wp\/v2\/types\/page"}],"author":[{"embeddable":true,"href":"https:\/\/delegsol.gob.ec\/azuay\/wp-json\/wp\/v2\/users\/8"}],"replies":[{"embeddable":true,"href":"https:\/\/delegsol.gob.ec\/azuay\/wp-json\/wp\/v2\/comments?post=294"}],"version-history":[{"count":4,"href":"https:\/\/delegsol.gob.ec\/azuay\/wp-json\/wp\/v2\/pages\/294\/revisions"}],"predecessor-version":[{"id":480,"href":"https:\/\/delegsol.gob.ec\/azuay\/wp-json\/wp\/v2\/pages\/294\/revisions\/480"}],"wp:attachment":[{"href":"https:\/\/delegsol.gob.ec\/azuay\/wp-json\/wp\/v2\/media?parent=294"}],"wp:term":[{"taxonomy":"yst_prominent_words","embeddable":true,"href":"https:\/\/delegsol.gob.ec\/azuay\/wp-json\/wp\/v2\/yst_prominent_words?post=294"}],"curies":[{"name":"wp","href":"https:\/\/api.w.org\/{rel}","templated":true}]}}